{"id":118169,"date":"2025-09-01T16:26:04","date_gmt":"2025-09-01T14:26:04","guid":{"rendered":"https:\/\/doktershuisantverpia.com\/?page_id=118169"},"modified":"2025-09-29T10:42:17","modified_gmt":"2025-09-29T08:42:17","slug":"termin-in-der-pneumologie","status":"publish","type":"page","link":"https:\/\/doktershuisantverpia.com\/de\/termin-in-der-pneumologie\/","title":{"rendered":"Ernennung: Pneumologie"},"content":{"rendered":"<div class=\"wpb-content-wrapper\"><div data-parent=\"true\" class=\"vc_row style-color-873549-bg row-container\" id=\"row-unique-0\"><div class=\"row no-top-padding no-bottom-padding no-h-padding full-width row-parent\"><div class=\"wpb_row row-inner\"><div class=\"wpb_column pos-middle pos-center align_left column_parent col-lg-12 half-internal-gutter\"><div class=\"uncol style-light\"  ><div class=\"uncoltable\"><div class=\"uncell no-block-padding\" ><div class=\"uncont\" ><div class=\"empty-space empty-double mobile-hidden\" ><span class=\"empty-space-inner\"><\/span><\/div>\n<div class=\"empty-space empty-single desktop-hidden tablet-hidden\" ><span class=\"empty-space-inner\"><\/span><\/div>\n<div class=\"vc_row row-internal row-container\"><div class=\"row row-child\"><div class=\"wpb_row row-inner\"><div class=\"wpb_column pos-top pos-center align_center column_child col-lg-12 single-internal-gutter\"><div class=\"uncol style-light\" ><div class=\"uncoltable\"><div class=\"uncell no-block-padding\" ><div class=\"uncont\" ><div class=\"vc_custom_heading_wrap\"><div class=\"heading-text el-text alpha-anim animate_when_almost_visible\" ><h1 class=\"font-146656 fontsize-208892 text-color-227611-color\" ><span>Termin in der Pneumologie<\/span><\/h1><\/div><div class=\"clear\"><\/div><\/div><\/div><\/div><\/div><\/div><\/div><\/div><\/div><\/div><div class=\"vc_row row-internal row-container\"><div class=\"row col-no-gutter row-child\"><div class=\"wpb_row row-inner\"><div class=\"wpb_column pos-top pos-center align_center column_child col-lg-12 padding_contactpagina1 single-internal-gutter\"><div class=\"uncol style-light\" ><div class=\"uncoltable\"><div class=\"uncell no-block-padding\" ><div class=\"uncont\" style=\" max-width:55%;\" ><div class=\"vc_custom_heading_wrap\"><div class=\"heading-text el-text alpha-anim animate_when_almost_visible\"  id=\"mobiel_responsief1\"><p class=\"font-146656 fontsize-501377 font-weight-500 text-color-227611-color\" ><span>W\u00e4hlen Sie einen Arzt aus, mit dem Sie einen Termin f\u00fcr eine pneumologische Sprechstunde vereinbaren m\u00f6chten:<\/span><\/p><\/div><div class=\"clear\"><\/div><\/div><div class=\"empty-space empty-single mobile-hidden\" ><span class=\"empty-space-inner\"><\/span><\/div>\n<\/div><\/div><\/div><\/div><\/div><\/div><\/div><\/div><\/div><\/div><\/div><\/div><\/div><script id=\"script-row-unique-0\" data-row=\"script-row-unique-0\" type=\"text\/javascript\" class=\"vc_controls\">UNCODE.initRow(document.getElementById(\"row-unique-0\"));<\/script><\/div><\/div><\/div><div data-parent=\"true\" class=\"vc_row style-color-873549-bg row-container\" id=\"row-unique-1\"><div class=\"row no-top-padding no-bottom-padding no-h-padding full-width row-parent\"><div class=\"wpb_row row-inner\"><div class=\"wpb_column pos-middle pos-center align_left align_center_tablet column_parent col-lg-12 half-internal-gutter\"><div class=\"uncol style-light\"  ><div class=\"uncoltable\"><div class=\"uncell\" ><div class=\"uncont no-block-padding col-custom-width\" style=\" max-width:40%;\" ><div class=\"empty-space empty-single desktop-hidden tablet-hidden\" ><span class=\"empty-space-inner\"><\/span><\/div>\n<div class=\"vc_row row-internal row-container\"><div class=\"row row-child\"><div class=\"wpb_row row-inner\"><div class=\"wpb_column pos-top pos-center align_center column_child col-lg-6 width_mobile_dokters_afspraak col-md-33 one-internal-gutter\"><div class=\"uncol style-light\" ><div class=\"uncoltable\"><div class=\"uncell no-block-padding\" ><div class=\"uncont\" ><div class=\"uncode-single-media  text-left animate_when_almost_visible alpha-anim\" data-delay=\"200\"><div class=\"single-wrapper\" style=\"max-width: 100%;\"><a class=\"single-media-link\" href=\"https:\/\/doktershuisantverpia.com\/de\/team-vandenbroucke-elke\/\"><div class=\"tmb tmb-light  tmb-img-ratio tmb-media-first tmb-media-last tmb-content-overlay tmb-no-bg\"><div class=\"t-inside\"><div class=\"t-entry-visual\"><div class=\"t-entry-visual-tc\"><div class=\"uncode-single-media-wrapper\"><div class=\"dummy\" style=\"padding-top: 133.3%;\"><\/div><img decoding=\"async\" class=\"wp-image-117891\" src=\"https:\/\/doktershuisantverpia.com\/wp-content\/uploads\/2025\/07\/Dr.-Vandenbroucke-Elke-uai-810x1080.jpg\" width=\"810\" height=\"1080\" alt=\"\" srcset=\"https:\/\/doktershuisantverpia.com\/wp-content\/uploads\/2025\/07\/Dr.-Vandenbroucke-Elke-uai-810x1080.jpg 810w, https:\/\/doktershuisantverpia.com\/wp-content\/uploads\/2025\/07\/Dr.-Vandenbroucke-Elke-uai-720x960.jpg 720w\" sizes=\"(max-width: 810px) 100vw, 810px\" \/><\/div>\n\t\t\t\t\t<\/div>\n\t\t\t\t<\/div><\/div><\/div><\/a><\/div><\/div><div class=\"empty-space empty-half\" ><span class=\"empty-space-inner\"><\/span><\/div>\n<div class=\"vc_custom_heading_wrap\"><div class=\"heading-text el-text alpha-anim animate_when_almost_visible\" ><div class=\"font-146656 fontsize-501377 font-weight-500 text-color-227611-color\" ><span>Dr. Vandenbroucke Elke<\/span><\/div><\/div><div class=\"clear\"><\/div><\/div><div class=\"empty-space empty-half\" ><span class=\"empty-space-inner\"><\/span><\/div>\n<span class=\"btn-container\" ><a role=\"button\"  href=\"https:\/\/agenda.mediris.be\/appointments?agenda=a3352a2d-eee8-432a-8fcb-a1eb970ba71c&careprovider=8ac51734-b1a5-47b4-9c0a-493674ad3777&location=56cbc584-5fc2-40df-a9af-b4bb63a27ed4&appointmenttype=14756568-f183-483c-8e05-437590c7e302\" class=\"custom-link btn btn-custom-typo font-962116 font-weight-500 text-uppercase no-letterspace border-width-0 button_transparant btn-color-227611 btn-circle btn-outline btn-icon-left\" target=\"_blank\">Ernennung<\/a><\/span><\/div><\/div><\/div><\/div><\/div><div class=\"wpb_column pos-top pos-center align_center column_child col-lg-6 width_mobile_dokters_afspraak col-md-33 no-internal-gutter\"><div class=\"uncol style-light\" ><div class=\"uncoltable\"><div class=\"uncell no-block-padding\" ><div class=\"uncont\" ><div class=\"uncode-single-media  text-left animate_when_almost_visible alpha-anim\" data-delay=\"200\"><div class=\"single-wrapper\" style=\"max-width: 100%;\"><div class=\"tmb tmb-light  tmb-img-ratio tmb-media-first tmb-media-last tmb-content-overlay tmb-no-bg\"><div class=\"t-inside\"><div class=\"t-entry-visual\"><div class=\"t-entry-visual-tc\"><div class=\"uncode-single-media-wrapper\"><div class=\"dummy\" style=\"padding-top: 133.3%;\"><\/div><img decoding=\"async\" class=\"wp-image-117721\" src=\"https:\/\/doktershuisantverpia.com\/wp-content\/uploads\/2025\/07\/Prof.-Dr.-Annelies-Janssens-uai-810x1080.jpg\" width=\"810\" height=\"1080\" alt=\"\" srcset=\"https:\/\/doktershuisantverpia.com\/wp-content\/uploads\/2025\/07\/Prof.-Dr.-Annelies-Janssens-uai-810x1080.jpg 810w, https:\/\/doktershuisantverpia.com\/wp-content\/uploads\/2025\/07\/Prof.-Dr.-Annelies-Janssens-uai-720x960.jpg 720w\" sizes=\"(max-width: 810px) 100vw, 810px\" \/><\/div>\n\t\t\t\t\t<\/div>\n\t\t\t\t<\/div><\/div><\/div><\/div><\/div><div class=\"empty-space empty-half\" ><span class=\"empty-space-inner\"><\/span><\/div>\n<div class=\"vc_custom_heading_wrap\"><div class=\"heading-text el-text alpha-anim animate_when_almost_visible\" ><div class=\"font-146656 fontsize-501377 font-weight-500 text-color-227611-color\" ><span>Prof. Dr. Annelies Janssens<\/span><\/div><\/div><div class=\"clear\"><\/div><\/div><div class=\"empty-space empty-half\" ><span class=\"empty-space-inner\"><\/span><\/div>\n<span class=\"btn-container\" ><a role=\"button\"  href=\"https:\/\/agenda.mediris.be\/appointments?agenda=a3352a2d-eee8-432a-8fcb-a1eb970ba71c&careprovider=8222f199-9480-421b-a9aa-c49a103d859b&location=56cbc584-5fc2-40df-a9af-b4bb63a27ed4\" class=\"custom-link btn btn-custom-typo font-962116 font-weight-500 text-uppercase no-letterspace border-width-0 button_transparant btn-color-227611 btn-circle btn-outline btn-icon-left\" title=\"Kontakt\" target=\"_blank\">Ernennung<\/a><\/span><\/div><\/div><\/div><\/div><\/div><\/div><\/div><\/div><div class=\"empty-space empty-double\" ><span class=\"empty-space-inner\"><\/span><\/div>\n<\/div><\/div><\/div><\/div><\/div><script id=\"script-row-unique-1\" data-row=\"script-row-unique-1\" type=\"text\/javascript\" class=\"vc_controls\">UNCODE.initRow(document.getElementById(\"row-unique-1\"));<\/script><\/div><\/div><\/div><div data-parent=\"true\" class=\"vc_row style-color-113132-bg row-container\" id=\"row-unique-2\"><div class=\"row limit-width row-parent\"><div class=\"wpb_row row-inner\"><div class=\"wpb_column pos-top pos-center align_center column_parent col-lg-12 single-internal-gutter\"><div class=\"uncol style-light\"  ><div class=\"uncoltable\"><div class=\"uncell no-block-padding\" ><div class=\"uncont\" ><div class=\"vc_custom_heading_wrap\"><div class=\"heading-text el-text alpha-anim animate_when_almost_visible\" ><h2 class=\"font-146656 fontsize-208892 text-color-227611-color\" ><span>Vereinbaren Sie einen Termin mit dem Lungenfacharzt<\/span><\/h2><\/div><div class=\"clear\"><\/div><\/div><div class=\"vc_custom_heading_wrap\"><div class=\"heading-text el-text alpha-anim animate_when_almost_visible\"  id=\"mobiel_responsief1\"><p class=\"font-146656 fontsize-501377 font-weight-500 text-color-227611-color\" ><span>Beschwerden wie anhaltender Husten, Kurzatmigkeit oder pfeifende Atemger\u00e4usche bed\u00fcrfen einer fachkundigen Untersuchung. Bei der Konsultation bespricht der Lungenfacharzt Ihre Symptome, Ihre Krankengeschichte und m\u00f6gliche Risikofaktoren. Bei Bedarf werden zus\u00e4tzliche Untersuchungen wie Lungenfunktionstests oder eine R\u00f6ntgenuntersuchung der Lunge durchgef\u00fchrt.<\/p><\/span><span><p>&nbsp;<\/p><\/span><span><p>Ein Termin hilft bei der Fr\u00fcherkennung und rechtzeitigen Behandlung von Lungen- und Atemwegserkrankungen. Vereinbaren Sie ganz einfach einen Termin und lassen Sie Ihre Lungengesundheit von einem Experten beurteilen.<\/span><\/p><\/div><div class=\"clear\"><\/div><\/div><\/div><\/div><\/div><\/div><\/div><script id=\"script-row-unique-2\" data-row=\"script-row-unique-2\" type=\"text\/javascript\" class=\"vc_controls\">UNCODE.initRow(document.getElementById(\"row-unique-2\"));<\/script><\/div><\/div><\/div>\n<\/div>","protected":false},"excerpt":{"rendered":"Termin PneumologieW\u00e4hlen Sie einen Arzt, mit dem Sie einen Termin f\u00fcr eine pneumologische Sprechstunde vereinbaren m\u00f6chten: Dr. Vandenbroucke Jeder Termin Prof. [...]","protected":false},"author":17,"featured_media":0,"parent":0,"menu_order":0,"comment_status":"closed","ping_status":"closed","template":"","meta":{"wds_primary_page_category":0,"footnotes":""},"class_list":["post-118169","page","type-page","status-publish","hentry"],"_links":{"self":[{"href":"https:\/\/doktershuisantverpia.com\/de\/wp-json\/wp\/v2\/pages\/118169","targetHints":{"allow":["GET"]}}],"collection":[{"href":"https:\/\/doktershuisantverpia.com\/de\/wp-json\/wp\/v2\/pages"}],"about":[{"href":"https:\/\/doktershuisantverpia.com\/de\/wp-json\/wp\/v2\/types\/page"}],"author":[{"embeddable":true,"href":"https:\/\/doktershuisantverpia.com\/de\/wp-json\/wp\/v2\/users\/17"}],"replies":[{"embeddable":true,"href":"https:\/\/doktershuisantverpia.com\/de\/wp-json\/wp\/v2\/comments?post=118169"}],"version-history":[{"count":3,"href":"https:\/\/doktershuisantverpia.com\/de\/wp-json\/wp\/v2\/pages\/118169\/revisions"}],"predecessor-version":[{"id":118543,"href":"https:\/\/doktershuisantverpia.com\/de\/wp-json\/wp\/v2\/pages\/118169\/revisions\/118543"}],"wp:attachment":[{"href":"https:\/\/doktershuisantverpia.com\/de\/wp-json\/wp\/v2\/media?parent=118169"}],"curies":[{"name":"wp","href":"https:\/\/api.w.org\/{rel}","templated":true}]}}