{"id":119199,"date":"2026-02-19T09:35:52","date_gmt":"2026-02-19T08:35:52","guid":{"rendered":"https:\/\/doktershuisantverpia.com\/?page_id=119199"},"modified":"2026-03-09T12:04:21","modified_gmt":"2026-03-09T11:04:21","slug":"equipe-dr-dua-guido","status":"publish","type":"page","link":"https:\/\/doktershuisantverpia.com\/fr\/equipe-dr-dua-guido\/","title":{"rendered":"Dr Dua Guido"},"content":{"rendered":"<div class=\"wpb-content-wrapper\"><div data-parent=\"true\" class=\"vc_row style-color-873549-bg row-container\" id=\"row-unique-0\"><div class=\"row no-top-padding no-bottom-padding triple-h-padding full-width row-parent\"><div class=\"wpb_row row-inner\"><div class=\"wpb_column pos-middle pos-center align_left column_parent col-lg-12 half-internal-gutter\"><div class=\"uncol style-light\"  ><div class=\"uncoltable\"><div class=\"uncell no-block-padding\" ><div class=\"uncont\" ><div class=\"empty-space empty-half\" ><span class=\"empty-space-inner\"><\/span><\/div>\n<div class=\"vc_row row-internal row-container\"><div class=\"row unequal col-no-gutter row-child\"><div class=\"wpb_row row-inner\"><div class=\"wpb_column pos-bottom pos-left align_left column_child col-lg-7 text_justify_dokters col-md-66 single-internal-gutter\"><div class=\"uncol style-light\" ><div class=\"uncoltable\"><div class=\"uncell no-block-padding\" ><div class=\"uncont\" style=\" max-width:70%;\" ><div class=\"vc_custom_heading_wrap\"><div class=\"heading-text el-text alpha-anim animate_when_almost_visible\" ><h1 class=\"font-146656 fontsize-155944 font-weight-500 text-color-227611-color\" ><span>Dr Dua Guido<\/span><\/h1><\/div><div class=\"clear\"><\/div><\/div><div class=\"vc_custom_heading_wrap dokter_info\"><div class=\"heading-text el-text alpha-anim animate_when_almost_visible\" ><div class=\"font-146656 fontsize-865542 fontheight-357766 font-weight-500 text-color-227611-color\" ><span>Le Dr Dua a obtenu son dipl\u00f4me de docteur en m\u00e9decine, chirurgie et obst\u00e9trique \u00e0 la RUG en 1979 avec la plus grande distinction. Il a commenc\u00e9 sa formation en neurologie, en chirurgie et finalement en neurochirurgie \u00e0 Anvers. La derni\u00e8re ann\u00e9e, il a travaill\u00e9 au CHU de Montpellier, les trois derniers mois en tant que chef de clinique en fonction. En 1986, il a obtenu son accr\u00e9ditation en tant que neurochirurgien en Belgique.<\/p><\/span><span><p>&nbsp;<\/p><\/span><span><p>En 1986, on lui a demand\u00e9 de poursuivre le d\u00e9veloppement de la neurochirurgie selon sa vision dans les cliniques du CPAS, bas\u00e9es \u00e0 l'\u00e9poque \u00e0 l'AZ Middelheim. De 240 op\u00e9rations en 1986, l'activit\u00e9 du service s'est d\u00e9velopp\u00e9e pour atteindre 1 600 op\u00e9rations en 2014, la qualit\u00e9 \u00e9tant consid\u00e9r\u00e9e comme plus importante que la quantit\u00e9.<\/p><\/span><span><p>&nbsp;<\/p><\/span><span><p>Le Dr Dua s'est sp\u00e9cialis\u00e9 en neuro-oncologie chirurgicale avec l'introduction de la st\u00e9r\u00e9otaxie guid\u00e9e par CT, de la neuronavigation et de la chirurgie \u00e9veill\u00e9e \u00e0 Anvers. Pour ce faire, il a effectu\u00e9 de nombreux stages \u00e0 l'\u00e9tranger, dont celui de 1987 \u00e0 l'Institut Karolinska de Stockholm, qui reste l'un des plus importants. Le d\u00e9veloppement de la chirurgie microscopique de la colonne vert\u00e9brale est \u00e9galement rest\u00e9 une priorit\u00e9.<\/p><\/span><span><p>&nbsp;<\/p><\/span><span><p>Il a \u00e9t\u00e9 chef du service de neurochirurgie au ZAS jusqu'en 2018 et membre du comit\u00e9 d'accr\u00e9ditation de 8 membres pour la neurochirurgie \u00e0 Bruxelles jusqu'en 2020. Actuellement, il est toujours consultant dans le service de neurochirurgie de l'h\u00f4pital aan de stroom. Il met \u00e0 disposition son exp\u00e9rience et son expertise lors de ses consultations, ce qui repr\u00e9sente une valeur ajout\u00e9e \u00e9vidente pour les patients.<\/span><\/div><\/div><div class=\"clear\"><\/div><\/div><span class=\"btn-container animate_when_almost_visible alpha-anim\" ><a role=\"button\"  href=\"https:\/\/agenda.mediris.be\/appointments?agenda=a3352a2d-eee8-432a-8fcb-a1eb970ba71c&careprovider=505c0915-1b20-49b8-b20f-52dd819aa91e&location=56cbc584-5fc2-40df-a9af-b4bb63a27ed4\" class=\"custom-link btn btn-custom-typo font-962116 font-weight-500 text-uppercase no-letterspace border-width-0 button_transparant btn-color-227611 btn-circle btn-icon-left\" title=\"Contact\" target=\"_blank\" id=\"button_hover_bruin\">Prise de rendez-vous<\/a><\/span><div class=\"empty-space empty-single desktop-hidden tablet-hidden\" ><span class=\"empty-space-inner\"><\/span><\/div>\n<\/div><\/div><\/div><\/div><\/div><div class=\"wpb_column pos-top pos-left align_left column_child col-lg-5 col-md-33 one-internal-gutter\"><div class=\"uncol style-light animate_when_almost_visible alpha-anim\" data-delay=\"200\"><div class=\"uncoltable\"><div class=\"uncell single-block-padding\" ><div class=\"column-background background-element\">\n\t\t\t\t\t\t\t\t\t\t\t<div class=\"background-wrapper\">\n\t\t\t\t\t\t\t\t\t\t\t\t<div class=\"background-inner\" style=\"background-image: url(https:\/\/doktershuisantverpia.com\/wp-content\/uploads\/2026\/02\/WhatsApp-Image-2026-02-02-at-11.54.24.jpeg);background-repeat: no-repeat;background-position: center center;background-size: cover;\" data-o_src=\"https:\/\/doktershuisantverpia.com\/wp-content\/uploads\/2026\/02\/WhatsApp-Image-2026-02-02-at-11.54.24.jpeg\"><\/div>\n\t\t\t\t\t\t\t\t\t\t\t\t\n\t\t\t\t\t\t\t\t\t\t\t<\/div>\n\t\t\t\t\t\t\t\t\t\t<\/div><div class=\"uncont\" style=\" max-width:85%;\" ><div class=\"empty-space empty-quad\" ><span class=\"empty-space-inner\"><\/span><\/div>\n<div class=\"empty-space empty-quad\" ><span class=\"empty-space-inner\"><\/span><\/div>\n<div class=\"empty-space empty-quad\" ><span class=\"empty-space-inner\"><\/span><\/div>\n<div class=\"empty-space empty-quad mobile-hidden\" ><span class=\"empty-space-inner\"><\/span><\/div>\n<div class=\"empty-space empty-single mobile-hidden\" ><span class=\"empty-space-inner\"><\/span><\/div>\n<\/div><\/div><\/div><\/div><\/div><\/div><\/div><\/div><div class=\"empty-space empty-quad mobile-hidden\" ><span class=\"empty-space-inner\"><\/span><\/div>\n<div class=\"empty-space empty-single desktop-hidden tablet-hidden\" ><span class=\"empty-space-inner\"><\/span><\/div>\n<\/div><\/div><\/div><\/div><\/div><script id=\"script-row-unique-0\" data-row=\"script-row-unique-0\" type=\"text\/javascript\" class=\"vc_controls\">UNCODE.initRow(document.getElementById(\"row-unique-0\"));<\/script><\/div><\/div><\/div>\n<\/div>","protected":false},"excerpt":{"rendered":"<p>Neurochirurgien<\/p>","protected":false},"author":18,"featured_media":119194,"parent":0,"menu_order":0,"comment_status":"closed","ping_status":"closed","template":"","meta":{"wds_primary_page_category":0,"footnotes":""},"class_list":["post-119199","page","type-page","status-publish","has-post-thumbnail","hentry","page_category-specialisten"],"_links":{"self":[{"href":"https:\/\/doktershuisantverpia.com\/fr\/wp-json\/wp\/v2\/pages\/119199","targetHints":{"allow":["GET"]}}],"collection":[{"href":"https:\/\/doktershuisantverpia.com\/fr\/wp-json\/wp\/v2\/pages"}],"about":[{"href":"https:\/\/doktershuisantverpia.com\/fr\/wp-json\/wp\/v2\/types\/page"}],"author":[{"embeddable":true,"href":"https:\/\/doktershuisantverpia.com\/fr\/wp-json\/wp\/v2\/users\/18"}],"replies":[{"embeddable":true,"href":"https:\/\/doktershuisantverpia.com\/fr\/wp-json\/wp\/v2\/comments?post=119199"}],"version-history":[{"count":3,"href":"https:\/\/doktershuisantverpia.com\/fr\/wp-json\/wp\/v2\/pages\/119199\/revisions"}],"predecessor-version":[{"id":119305,"href":"https:\/\/doktershuisantverpia.com\/fr\/wp-json\/wp\/v2\/pages\/119199\/revisions\/119305"}],"wp:featuredmedia":[{"embeddable":true,"href":"https:\/\/doktershuisantverpia.com\/fr\/wp-json\/wp\/v2\/media\/119194"}],"wp:attachment":[{"href":"https:\/\/doktershuisantverpia.com\/fr\/wp-json\/wp\/v2\/media?parent=119199"}],"curies":[{"name":"wp","href":"https:\/\/api.w.org\/{rel}","templated":true}]}}